{"id":59,"date":"2017-12-01T20:44:23","date_gmt":"2017-12-01T20:44:23","guid":{"rendered":"http:\/\/import.bellevuetheme.com\/guesthouse\/?page_id=346"},"modified":"2025-12-18T21:42:35","modified_gmt":"2025-12-18T21:42:35","slug":"home-call-to-action","status":"publish","type":"page","link":"https:\/\/houseoflove.homes\/fr\/","title":{"rendered":"Home &#8211; Call to Action"},"content":{"rendered":"<div data-elementor-type=\"wp-post\" data-elementor-id=\"59\" class=\"elementor elementor-59\">\n\t\t\t\t\t\t<section class=\"elementor-section elementor-top-section elementor-element elementor-element-6107c949 elementor-section-full_width elementor-section-height-min-height elementor-section-height-default elementor-section-items-middle\" data-id=\"6107c949\" data-element_type=\"section\" data-e-type=\"section\" data-settings=\"{&quot;background_background&quot;:&quot;classic&quot;}\">\n\t\t\t\t\t\t\t<div class=\"elementor-background-overlay\"><\/div>\n\t\t\t\t\t\t\t<div class=\"elementor-container elementor-column-gap-default\">\n\t\t\t\t\t<div class=\"elementor-column elementor-col-100 elementor-top-column elementor-element elementor-element-123fbc50\" data-id=\"123fbc50\" data-element_type=\"column\" data-e-type=\"column\">\n\t\t\t<div class=\"elementor-widget-wrap elementor-element-populated\">\n\t\t\t\t\t\t<div class=\"elementor-element elementor-element-ba7d216 elementor-widget elementor-widget-spacer\" data-id=\"ba7d216\" data-element_type=\"widget\" data-e-type=\"widget\" data-widget_type=\"spacer.default\">\n\t\t\t\t<div class=\"elementor-widget-container\">\n\t\t\t\t\t\t\t<div class=\"elementor-spacer\">\n\t\t\t<div class=\"elementor-spacer-inner\"><\/div>\n\t\t<\/div>\n\t\t\t\t\t\t<\/div>\n\t\t\t\t<\/div>\n\t\t\t\t<div class=\"elementor-element elementor-element-3cc8666b elementor-view-default elementor-position-top elementor-invisible elementor-widget elementor-widget-themo-header\" data-id=\"3cc8666b\" data-element_type=\"widget\" data-e-type=\"widget\" data-settings=\"{&quot;_animation&quot;:&quot;fadeIn&quot;}\" data-widget_type=\"themo-header.default\">\n\t\t\t\t<div class=\"elementor-widget-container\">\n\t\t\t\t\t\t\t<div class=\"th-header-wrap\">\n        <div class=\"elementor-icon-box-wrapper\">\n                            <div class=\"elementor-icon-box-content\">\n                    <h1 class=\"elementor-icon-box-title\">\n                        HOUSE OF LOVE                    <\/h1>\n                                        <p class=\"elementor-icon-box-description\">Des foyers confortables pour chaque parcours<\/p>\n\n                                            <div class=\"th-btn-wrap\">\n                                                            <a class=\"btn-1 btn th-btn btn-cta-primary\" href=\"#stays\">\n                                                                            Choisissez votre s\u00e9jour                                                                    <\/a>\n                            \n                                                    <\/div>\n                                    <\/div>\n            <\/div>\n\n        <\/div>\n\n\t\t\t\t\t\t<\/div>\n\t\t\t\t<\/div>\n\t\t\t\t\t<\/div>\n\t\t<\/div>\n\t\t\t\t\t<\/div>\n\t\t<\/section>\n\t\t\t\t<section class=\"elementor-section elementor-top-section elementor-element elementor-element-493b0393 elementor-section-boxed elementor-section-height-default elementor-section-height-default\" data-id=\"493b0393\" data-element_type=\"section\" data-e-type=\"section\" data-settings=\"{&quot;background_background&quot;:&quot;classic&quot;}\">\n\t\t\t\t\t\t<div class=\"elementor-container elementor-column-gap-default\">\n\t\t\t\t\t<div class=\"elementor-column elementor-col-100 elementor-top-column elementor-element elementor-element-79dc2525\" data-id=\"79dc2525\" data-element_type=\"column\" data-e-type=\"column\">\n\t\t\t<div class=\"elementor-widget-wrap elementor-element-populated\">\n\t\t\t\t\t\t<div class=\"elementor-element elementor-element-a39020a elementor-widget elementor-widget-menu-anchor\" data-id=\"a39020a\" data-element_type=\"widget\" data-e-type=\"widget\" data-widget_type=\"menu-anchor.default\">\n\t\t\t\t<div class=\"elementor-widget-container\">\n\t\t\t\t\t\t\t<div class=\"elementor-menu-anchor\" id=\"stays\"><\/div>\n\t\t\t\t\t\t<\/div>\n\t\t\t\t<\/div>\n\t\t\t\t<div class=\"elementor-element elementor-element-4eb4ef73 elementor-widget elementor-widget-spacer\" data-id=\"4eb4ef73\" data-element_type=\"widget\" data-e-type=\"widget\" data-widget_type=\"spacer.default\">\n\t\t\t\t<div class=\"elementor-widget-container\">\n\t\t\t\t\t\t\t<div class=\"elementor-spacer\">\n\t\t\t<div class=\"elementor-spacer-inner\"><\/div>\n\t\t<\/div>\n\t\t\t\t\t\t<\/div>\n\t\t\t\t<\/div>\n\t\t\t\t<div class=\"elementor-element elementor-element-4221af7d elementor-view-default elementor-position-top elementor-widget elementor-widget-themo-header\" data-id=\"4221af7d\" data-element_type=\"widget\" data-e-type=\"widget\" data-widget_type=\"themo-header.default\">\n\t\t\t\t<div class=\"elementor-widget-container\">\n\t\t\t\t\t\t\t<div class=\"th-header-wrap\">\n        <div class=\"elementor-icon-box-wrapper\">\n                            <div class=\"elementor-icon-box-content\">\n                    <h2 class=\"elementor-icon-box-title\">\n                        Plus qu\u2019un simple endroit o\u00f9 loger                    <\/h2>\n                                            <span class=\"th-header-divider\"><\/span>\n                                        <p class=\"elementor-icon-box-description\">Chaque demeure du collectif House of Love est un sanctuaire soigneusement fa\u00e7onn\u00e9 de beaut\u00e9, de repos et de profondeur.\nAncr\u00e9e dans la simplicit\u00e9, l\u2019esprit et l\u2019histoire.<\/p>\n\n                                    <\/div>\n            <\/div>\n\n        <\/div>\n\n\t\t\t\t\t\t<\/div>\n\t\t\t\t<\/div>\n\t\t\t\t<div class=\"elementor-element elementor-element-52a536e elementor-widget elementor-widget-themo-accommodation-grid\" data-id=\"52a536e\" data-element_type=\"widget\" data-e-type=\"widget\" data-widget_type=\"themo-accommodation-grid.default\">\n\t\t\t\t<div class=\"elementor-widget-container\">\n\t\t\t\t\t\n                <div id=\"th-portfolio-content-69e3a8c78d07c\" class=\"th-portfolio\">\n\n            \n            <div id=\"th-portfolio-row\" class=\"th-portfolio-row row portfolio_content  three-columns th-port-gutter\">\n\n                                        <div id=\"post-78\" class=\"th-portfolio-item item col-md-4 col-sm-6 p-double p-queen post-78 mphb_room_type type-mphb_room_type status-publish format-standard has-post-thumbnail hentry mphb_room_type_category-double mphb_room_type_category-queen mphb-room-type-adults-5 mphb-room-type-children-0 has-taxes-and-fees\">\n\n                                                        <div class=\"th-port-wrap\">\n                                                            <img fetchpriority=\"high\" decoding=\"async\" width=\"605\" height=\"605\" src=\"https:\/\/houseoflove.homes\/wp-content\/uploads\/2019\/03\/frontB-01-605x605.jpg\" class=\"img-responsive th-port-img wp-post-image\" alt=\"\" \/>                                                                <div class=\"th-port-overlay\"><\/div>\n                                <div class=\"th-port-inner\">\n                                                                        <div class=\"th-port-center\">\n                                        <h3 class=\"th-port-title\">House Aurora<\/h3>\n                                        <p class=\"th-port-sub th-else\">Maison confortable<\/p>\n                                        <div class=\"th-pricing-cost\">\u00c0 partir de $100<span>\/nuit<\/span><\/div>\n                                                                            <\/div>\n                                    <a href=\"https:\/\/houseoflove.homes\/fr\/accommodation\/aurora\/\" class=\"th-port-link\" ><\/a>                                <\/div>\n                            <\/div>\n                                                    <\/div>\n                                                <div id=\"post-1345\" class=\"th-portfolio-item item col-md-4 col-sm-6 p-double p-queen post-1345 mphb_room_type type-mphb_room_type status-publish format-standard has-post-thumbnail hentry mphb_room_type_category-double mphb_room_type_category-queen mphb-room-type-adults-5 mphb-room-type-children-0 has-taxes-and-fees\">\n\n                                                        <div class=\"th-port-wrap\">\n                                                            <img decoding=\"async\" width=\"605\" height=\"605\" src=\"https:\/\/houseoflove.homes\/wp-content\/uploads\/2025\/12\/0_sel-1-605x605.jpg\" class=\"img-responsive th-port-img wp-post-image\" alt=\"\" \/>                                                                <div class=\"th-port-overlay\"><\/div>\n                                <div class=\"th-port-inner\">\n                                                                        <div class=\"th-port-center\">\n                                        <h3 class=\"th-port-title\">House Minabichi<\/h3>\n                                        <p class=\"th-port-sub th-else\">Maison confortable<\/p>\n                                        <div class=\"th-pricing-cost\">\u00e0 partir de $65<span>\/nuit<\/span><\/div>\n                                                                            <\/div>\n                                    <a href=\"https:\/\/houseoflove.homes\/fr\/accommodation\/minabichi\/\" class=\"th-port-link\" ><\/a>                                <\/div>\n                            <\/div>\n                                                    <\/div>\n                                                <div id=\"post-374\" class=\"th-portfolio-item item col-md-4 col-sm-6 post-374 mphb_room_type type-mphb_room_type status-publish format-standard has-post-thumbnail hentry mphb-room-type-adults-1 mphb-room-type-children-0 has-taxes-and-fees\">\n\n                                                        <div class=\"th-port-wrap\">\n                                                            <img decoding=\"async\" width=\"605\" height=\"605\" src=\"https:\/\/houseoflove.homes\/wp-content\/uploads\/2025\/07\/alison-pang-cSfMyaM0clc-unsplash-605x605.jpg\" class=\"img-responsive th-port-img wp-post-image\" alt=\"\" \/>                                                                <div class=\"th-port-overlay\"><\/div>\n                                <div class=\"th-port-inner\">\n                                                                        <div class=\"th-port-center\">\n                                        <h3 class=\"th-port-title\">Coming Soon<\/h3>\n                                        <p class=\"th-port-sub th-auto-off\">Ce nouveau s\u00e9jour arrive bient\u00f4t.  Restez \u00e0 l'affut!<\/p>\n\n                                        \n                                                                            <\/div>\n                                    <a href=\"https:\/\/houseoflove.homes\/fr\/accommodation\/coming-soon-1-2-2\/\" class=\"th-port-link\" ><\/a>                                <\/div>\n                            <\/div>\n                                                    <\/div>\n                        \n            <\/div>\n\n        <\/div>\n\n        \t\t\t\t<\/div>\n\t\t\t\t<\/div>\n\t\t\t\t<div class=\"elementor-element elementor-element-52ce9e3 elementor-widget elementor-widget-spacer\" data-id=\"52ce9e3\" data-element_type=\"widget\" data-e-type=\"widget\" data-widget_type=\"spacer.default\">\n\t\t\t\t<div class=\"elementor-widget-container\">\n\t\t\t\t\t\t\t<div class=\"elementor-spacer\">\n\t\t\t<div class=\"elementor-spacer-inner\"><\/div>\n\t\t<\/div>\n\t\t\t\t\t\t<\/div>\n\t\t\t\t<\/div>\n\t\t\t\t\t<\/div>\n\t\t<\/div>\n\t\t\t\t\t<\/div>\n\t\t<\/section>\n\t\t\t\t<\/div>","protected":false},"excerpt":{"rendered":"<p>HOUSE OF LOVE&hellip;<\/p>","protected":false},"author":1,"featured_media":0,"parent":0,"menu_order":2,"comment_status":"closed","ping_status":"closed","template":"","meta":{"footnotes":""},"class_list":["post-59","page","type-page","status-publish","hentry"],"_links":{"self":[{"href":"https:\/\/houseoflove.homes\/fr\/wp-json\/wp\/v2\/pages\/59","targetHints":{"allow":["GET"]}}],"collection":[{"href":"https:\/\/houseoflove.homes\/fr\/wp-json\/wp\/v2\/pages"}],"about":[{"href":"https:\/\/houseoflove.homes\/fr\/wp-json\/wp\/v2\/types\/page"}],"author":[{"embeddable":true,"href":"https:\/\/houseoflove.homes\/fr\/wp-json\/wp\/v2\/users\/1"}],"replies":[{"embeddable":true,"href":"https:\/\/houseoflove.homes\/fr\/wp-json\/wp\/v2\/comments?post=59"}],"version-history":[{"count":171,"href":"https:\/\/houseoflove.homes\/fr\/wp-json\/wp\/v2\/pages\/59\/revisions"}],"predecessor-version":[{"id":1526,"href":"https:\/\/houseoflove.homes\/fr\/wp-json\/wp\/v2\/pages\/59\/revisions\/1526"}],"wp:attachment":[{"href":"https:\/\/houseoflove.homes\/fr\/wp-json\/wp\/v2\/media?parent=59"}],"curies":[{"name":"wp","href":"https:\/\/api.w.org\/{rel}","templated":true}]}}